{"id":3,"date":"2025-09-23T12:11:48","date_gmt":"2025-09-23T12:11:48","guid":{"rendered":"https:\/\/palvarez.santcugatesn.com\/?page_id=3"},"modified":"2025-11-04T16:57:34","modified_gmt":"2025-11-04T16:57:34","slug":"privacy-policy","status":"publish","type":"page","link":"https:\/\/palvarez.santcugatesn.com\/?page_id=3","title":{"rendered":"Pol\u00edtica de privacidad"},"content":{"rendered":"\n<p><\/p>\n\n\n\n<p>En Futbol Emotion, respetamos tu privacidad y protegemos tus datos personales conforme al Reglamento General de Protecci\u00f3n de Datos (RGPD). A continuaci\u00f3n te explicamos, de forma clara y sencilla, c\u00f3mo tratamos tu informaci\u00f3n.<\/p>\n\n\n\n<h2 class=\"wp-block-heading\">Comentarios<\/h2>\n\n\n\n<p>Cuando los visitantes dejan comentarios en el sitio, recopilamos los datos que se muestran en el formulario (como nombre y correo electr\u00f3nico) y la direcci\u00f3n IP para prevenir el spam.<br>Una vez aprobado, tu comentario se muestra p\u00fablicamente junto a tu nombre.<\/p>\n\n\n\n<h2 class=\"wp-block-heading\">Medios<\/h2>\n\n\n\n<p>Si subes im\u00e1genes al sitio, evita incluir datos de ubicaci\u00f3n (EXIF GPS), ya que otros usuarios podr\u00edan descargarlas y obtener esa informaci\u00f3n.<\/p>\n\n\n\n<h2 class=\"wp-block-heading\">Cookies<\/h2>\n\n\n\n<p>En Futbol Emotion utilizamos cookies para mejorar tu experiencia en el sitio.<br>Si dejas un comentario, puedes elegir guardar tu nombre y correo para no tener que volver a escribirlos.<br>Tambi\u00e9n usamos cookies de sesi\u00f3n para recordar tus preferencias y mantener tu inicio de sesi\u00f3n activo.<br>Puedes eliminar o bloquear las cookies desde la configuraci\u00f3n de tu navegador en cualquier momento.<\/p>\n\n\n\n<h2 class=\"wp-block-heading\">Cu\u00e1nto tiempo conservamos tus datos <\/h2>\n\n\n\n<p>Los comentarios y sus metadatos se conservan indefinidamente para poder reconocer y aprobar autom\u00e1ticamente nuevos comentarios.<br>Si te registras, tu informaci\u00f3n se guarda en tu perfil y puedes editarla o eliminarla en cualquier momento (excepto tu nombre de usuario).<br>Los administradores tambi\u00e9n pueden acceder y modificar esa informaci\u00f3n.<\/p>\n\n\n\n<h2 class=\"wp-block-heading\">Qu\u00e9 derechos tienes sobre tus datos<\/h2>\n\n\n\n<p>Puedes solicitar una copia de los datos personales que tenemos sobre ti o pedir su eliminaci\u00f3n.<br>Esto no incluye los datos que debamos conservar por motivos legales o de seguridad.<\/p>\n\n\n\n<h2 class=\"wp-block-heading\">D\u00f3nde se envian tus datos <\/h2>\n\n\n\n<p>Los comentarios de los visitantes pueden ser revisados por un servicio autom\u00e1tico de detecci\u00f3n de spam.<br>Tus datos se almacenan en servidores seguros y nunca se comparten con terceros sin tu consentimiento.<\/p>\n\n\n\n<p><\/p>\n","protected":false},"excerpt":{"rendered":"<p>En Futbol Emotion, respetamos tu privacidad y protegemos tus datos personales conforme al Reglamento General de Protecci\u00f3n de Datos (RGPD). A continuaci\u00f3n te explicamos, de forma clara y sencilla, c\u00f3mo tratamos tu informaci\u00f3n. Comentarios Cuando los visitantes dejan comentarios en el sitio, recopilamos los datos que se muestran en el formulario (como nombre y correo [&hellip;]<\/p>\n","protected":false},"author":1,"featured_media":0,"parent":0,"menu_order":0,"comment_status":"closed","ping_status":"open","template":"","meta":{"footnotes":""},"class_list":["post-3","page","type-page","status-publish","hentry"],"yoast_head":"<!-- This site is optimized with the Yoast SEO plugin v26.3 - https:\/\/yoast.com\/wordpress\/plugins\/seo\/ -->\n<title>Pol\u00edtica de privacidad - Futbol Emotion<\/title>\n<meta name=\"robots\" content=\"index, follow, max-snippet:-1, max-image-preview:large, max-video-preview:-1\" \/>\n<link rel=\"canonical\" href=\"https:\/\/palvarez.santcugatesn.com\/?page_id=3\" \/>\n<meta property=\"og:locale\" content=\"es_ES\" \/>\n<meta property=\"og:type\" content=\"article\" \/>\n<meta property=\"og:title\" content=\"Pol\u00edtica de privacidad - Futbol Emotion\" \/>\n<meta property=\"og:description\" content=\"En Futbol Emotion, respetamos tu privacidad y protegemos tus datos personales conforme al Reglamento General de Protecci\u00f3n de Datos (RGPD). A continuaci\u00f3n te explicamos, de forma clara y sencilla, c\u00f3mo tratamos tu informaci\u00f3n. Comentarios Cuando los visitantes dejan comentarios en el sitio, recopilamos los datos que se muestran en el formulario (como nombre y correo [&hellip;]\" \/>\n<meta property=\"og:url\" content=\"https:\/\/palvarez.santcugatesn.com\/?page_id=3\" \/>\n<meta property=\"og:site_name\" content=\"Futbol Emotion\" \/>\n<meta property=\"article:modified_time\" content=\"2025-11-04T16:57:34+00:00\" \/>\n<meta name=\"twitter:card\" content=\"summary_large_image\" \/>\n<meta name=\"twitter:label1\" content=\"Tiempo de lectura\" \/>\n\t<meta name=\"twitter:data1\" content=\"2 minutos\" \/>\n<script type=\"application\/ld+json\" class=\"yoast-schema-graph\">{\"@context\":\"https:\/\/schema.org\",\"@graph\":[{\"@type\":\"WebPage\",\"@id\":\"https:\/\/palvarez.santcugatesn.com\/?page_id=3\",\"url\":\"https:\/\/palvarez.santcugatesn.com\/?page_id=3\",\"name\":\"Pol\u00edtica de privacidad - Futbol Emotion\",\"isPartOf\":{\"@id\":\"https:\/\/palvarez.santcugatesn.com\/#website\"},\"datePublished\":\"2025-09-23T12:11:48+00:00\",\"dateModified\":\"2025-11-04T16:57:34+00:00\",\"breadcrumb\":{\"@id\":\"https:\/\/palvarez.santcugatesn.com\/?page_id=3#breadcrumb\"},\"inLanguage\":\"es\",\"potentialAction\":[{\"@type\":\"ReadAction\",\"target\":[\"https:\/\/palvarez.santcugatesn.com\/?page_id=3\"]}]},{\"@type\":\"BreadcrumbList\",\"@id\":\"https:\/\/palvarez.santcugatesn.com\/?page_id=3#breadcrumb\",\"itemListElement\":[{\"@type\":\"ListItem\",\"position\":1,\"name\":\"Home\",\"item\":\"https:\/\/palvarez.santcugatesn.com\/\"},{\"@type\":\"ListItem\",\"position\":2,\"name\":\"Pol\u00edtica de privacidad\"}]},{\"@type\":\"WebSite\",\"@id\":\"https:\/\/palvarez.santcugatesn.com\/#website\",\"url\":\"https:\/\/palvarez.santcugatesn.com\/\",\"name\":\"Futbol Emotion\",\"description\":\"Tienda de f\u00fatbol online\",\"potentialAction\":[{\"@type\":\"SearchAction\",\"target\":{\"@type\":\"EntryPoint\",\"urlTemplate\":\"https:\/\/palvarez.santcugatesn.com\/?s={search_term_string}\"},\"query-input\":{\"@type\":\"PropertyValueSpecification\",\"valueRequired\":true,\"valueName\":\"search_term_string\"}}],\"inLanguage\":\"es\"}]}<\/script>\n<!-- \/ Yoast SEO plugin. -->","yoast_head_json":{"title":"Pol\u00edtica de privacidad - Futbol Emotion","robots":{"index":"index","follow":"follow","max-snippet":"max-snippet:-1","max-image-preview":"max-image-preview:large","max-video-preview":"max-video-preview:-1"},"canonical":"https:\/\/palvarez.santcugatesn.com\/?page_id=3","og_locale":"es_ES","og_type":"article","og_title":"Pol\u00edtica de privacidad - Futbol Emotion","og_description":"En Futbol Emotion, respetamos tu privacidad y protegemos tus datos personales conforme al Reglamento General de Protecci\u00f3n de Datos (RGPD). A continuaci\u00f3n te explicamos, de forma clara y sencilla, c\u00f3mo tratamos tu informaci\u00f3n. Comentarios Cuando los visitantes dejan comentarios en el sitio, recopilamos los datos que se muestran en el formulario (como nombre y correo [&hellip;]","og_url":"https:\/\/palvarez.santcugatesn.com\/?page_id=3","og_site_name":"Futbol Emotion","article_modified_time":"2025-11-04T16:57:34+00:00","twitter_card":"summary_large_image","twitter_misc":{"Tiempo de lectura":"2 minutos"},"schema":{"@context":"https:\/\/schema.org","@graph":[{"@type":"WebPage","@id":"https:\/\/palvarez.santcugatesn.com\/?page_id=3","url":"https:\/\/palvarez.santcugatesn.com\/?page_id=3","name":"Pol\u00edtica de privacidad - Futbol Emotion","isPartOf":{"@id":"https:\/\/palvarez.santcugatesn.com\/#website"},"datePublished":"2025-09-23T12:11:48+00:00","dateModified":"2025-11-04T16:57:34+00:00","breadcrumb":{"@id":"https:\/\/palvarez.santcugatesn.com\/?page_id=3#breadcrumb"},"inLanguage":"es","potentialAction":[{"@type":"ReadAction","target":["https:\/\/palvarez.santcugatesn.com\/?page_id=3"]}]},{"@type":"BreadcrumbList","@id":"https:\/\/palvarez.santcugatesn.com\/?page_id=3#breadcrumb","itemListElement":[{"@type":"ListItem","position":1,"name":"Home","item":"https:\/\/palvarez.santcugatesn.com\/"},{"@type":"ListItem","position":2,"name":"Pol\u00edtica de privacidad"}]},{"@type":"WebSite","@id":"https:\/\/palvarez.santcugatesn.com\/#website","url":"https:\/\/palvarez.santcugatesn.com\/","name":"Futbol Emotion","description":"Tienda de f\u00fatbol online","potentialAction":[{"@type":"SearchAction","target":{"@type":"EntryPoint","urlTemplate":"https:\/\/palvarez.santcugatesn.com\/?s={search_term_string}"},"query-input":{"@type":"PropertyValueSpecification","valueRequired":true,"valueName":"search_term_string"}}],"inLanguage":"es"}]}},"jetpack_sharing_enabled":true,"_links":{"self":[{"href":"https:\/\/palvarez.santcugatesn.com\/index.php?rest_route=\/wp\/v2\/pages\/3","targetHints":{"allow":["GET"]}}],"collection":[{"href":"https:\/\/palvarez.santcugatesn.com\/index.php?rest_route=\/wp\/v2\/pages"}],"about":[{"href":"https:\/\/palvarez.santcugatesn.com\/index.php?rest_route=\/wp\/v2\/types\/page"}],"author":[{"embeddable":true,"href":"https:\/\/palvarez.santcugatesn.com\/index.php?rest_route=\/wp\/v2\/users\/1"}],"replies":[{"embeddable":true,"href":"https:\/\/palvarez.santcugatesn.com\/index.php?rest_route=%2Fwp%2Fv2%2Fcomments&post=3"}],"version-history":[{"count":2,"href":"https:\/\/palvarez.santcugatesn.com\/index.php?rest_route=\/wp\/v2\/pages\/3\/revisions"}],"predecessor-version":[{"id":63,"href":"https:\/\/palvarez.santcugatesn.com\/index.php?rest_route=\/wp\/v2\/pages\/3\/revisions\/63"}],"wp:attachment":[{"href":"https:\/\/palvarez.santcugatesn.com\/index.php?rest_route=%2Fwp%2Fv2%2Fmedia&parent=3"}],"curies":[{"name":"wp","href":"https:\/\/api.w.org\/{rel}","templated":true}]}}